{"id":501,"date":"2022-04-10T19:49:43","date_gmt":"2022-04-10T16:49:43","guid":{"rendered":"https:\/\/healthclubcollection.com\/?page_id=501"},"modified":"2025-03-12T10:57:22","modified_gmt":"2025-03-12T08:57:22","slug":"valmentajamme","status":"publish","type":"page","link":"https:\/\/healthclubcollection.com\/?page_id=501","title":{"rendered":"Valmentajat"},"content":{"rendered":"\t\t<div data-elementor-type=\"wp-page\" data-elementor-id=\"501\" class=\"elementor elementor-501\">\n\t\t\t\t<div class=\"elementor-element elementor-element-5a3cf8f0 e-con-full e-flex e-con e-parent\" data-id=\"5a3cf8f0\" data-element_type=\"container\" data-e-type=\"container\">\n\t\t\t\t<div class=\"elementor-element elementor-element-75167dd8 elementor-widget elementor-widget-text-editor\" data-id=\"75167dd8\" data-element_type=\"widget\" data-e-type=\"widget\" data-widget_type=\"text-editor.default\">\n\t\t\t\t\t\t\t\t\t\n<div class=\"wp-block-columns alignwide is-layout-flex wp-container-core-columns-is-layout-1a9244c7 wp-block-columns-is-layout-flex\">\n<div class=\"wp-block-column is-layout-flow wp-block-column-is-layout-flow\">\n<figure class=\"wp-block-image size-large\"><img fetchpriority=\"high\" decoding=\"async\" data-attachment-id=\"881\" data-permalink=\"https:\/\/healthclubcollection.com\/?attachment_id=881\" data-orig-file=\"https:\/\/i0.wp.com\/healthclubcollection.com\/wp-content\/uploads\/2022\/04\/R6WO3330.jpg?fit=2500%2C1667&amp;ssl=1\" data-orig-size=\"2500,1667\" data-comments-opened=\"1\" data-image-meta=\"{&quot;aperture&quot;:&quot;3.5&quot;,&quot;credit&quot;:&quot;Wilhelm \\u00d6hman&quot;,&quot;camera&quot;:&quot;Canon EOS R6&quot;,&quot;caption&quot;:&quot;&quot;,&quot;created_timestamp&quot;:&quot;1619785513&quot;,&quot;copyright&quot;:&quot;Wilehlm \\u00d6hman Photography&quot;,&quot;focal_length&quot;:&quot;50&quot;,&quot;iso&quot;:&quot;800&quot;,&quot;shutter_speed&quot;:&quot;0.004&quot;,&quot;title&quot;:&quot;&quot;,&quot;orientation&quot;:&quot;0&quot;}\" data-image-title=\"R6WO3330\" data-image-description=\"\" data-image-caption=\"\" data-large-file=\"https:\/\/i0.wp.com\/healthclubcollection.com\/wp-content\/uploads\/2022\/04\/R6WO3330.jpg?fit=1024%2C683&amp;ssl=1\" data-recalc-dims=\"1\" height=\"683\" width=\"1024\" class=\"wp-image-881 alignnone\" src=\"https:\/\/i0.wp.com\/healthclubcollection.com\/wp-content\/uploads\/2022\/04\/R6WO3330.jpg?resize=1024%2C683&#038;ssl=1\" alt=\"\" srcset=\"https:\/\/i0.wp.com\/healthclubcollection.com\/wp-content\/uploads\/2022\/04\/R6WO3330.jpg?w=2500&amp;ssl=1 2500w, https:\/\/i0.wp.com\/healthclubcollection.com\/wp-content\/uploads\/2022\/04\/R6WO3330.jpg?resize=300%2C200&amp;ssl=1 300w, https:\/\/i0.wp.com\/healthclubcollection.com\/wp-content\/uploads\/2022\/04\/R6WO3330.jpg?resize=1024%2C683&amp;ssl=1 1024w, https:\/\/i0.wp.com\/healthclubcollection.com\/wp-content\/uploads\/2022\/04\/R6WO3330.jpg?resize=768%2C512&amp;ssl=1 768w, https:\/\/i0.wp.com\/healthclubcollection.com\/wp-content\/uploads\/2022\/04\/R6WO3330.jpg?resize=1536%2C1024&amp;ssl=1 1536w, https:\/\/i0.wp.com\/healthclubcollection.com\/wp-content\/uploads\/2022\/04\/R6WO3330.jpg?resize=2048%2C1366&amp;ssl=1 2048w, https:\/\/i0.wp.com\/healthclubcollection.com\/wp-content\/uploads\/2022\/04\/R6WO3330.jpg?resize=1200%2C800&amp;ssl=1 1200w\" sizes=\"(max-width: 1000px) 100vw, 1000px\" \/><\/figure>\n<\/div>\n\n<div class=\"wp-block-column is-vertically-aligned-center is-layout-flow wp-block-column-is-layout-flow\">\n<p class=\"wp-block-paragraph\">Kanerva Ahonala on Health Club Collection salien omistaja ja p\u00e4\u00e4valmentaja. Kanerva on suosittu yksil\u00f6- ja pienryhm\u00e4valmentaja, jonka erityisosaamista on kokonaisvaltainen el\u00e4m\u00e4nmuutos pitk\u00e4ll\u00e4 aikaj\u00e4nteell\u00e4. Yli 15 vuoden kokemus fysiikka- ja ravintovalmennuksesta, sek\u00e4 uusi vahvuus psyykkisen\u00e4 valmentajana antavat hyv\u00e4n pohjan pitkille ja luottamuksellisille asiakas-suhteille.<\/p>\n\n<p class=\"wp-block-paragraph\">Kanerva valmentaa sek\u00e4 Punavuoressa ja Lauttasaaressa l\u00e4hinn\u00e4 suomeksi, mutta voit l\u00e4hesty\u00e4 h\u00e4nt\u00e4 my\u00f6s englanniksi.<\/p>\n\n<p class=\"wp-block-paragraph\"><a href=\"mailto:kanerva@kanervaahonala.com\">kanerva@kanervaahonala.com<\/a><\/p>\n<\/div>\n<\/div>\n<div class=\"wp-block-columns alignwide are-vertically-aligned-center\">\n<div class=\"wp-block-column is-vertically-aligned-center\">\n<p class=\"wp-block-paragraph\">\u00a0<\/p>\n\n<p class=\"wp-block-paragraph\">\u00a0<\/p>\n<\/div>\n<\/div>\n<hr class=\"wp-block-separator has-alpha-channel-opacity\" \/>\n<div class=\"wp-block-columns alignwide is-layout-flex wp-container-core-columns-is-layout-1a9244c7 wp-block-columns-is-layout-flex\">\n<div class=\"wp-block-column is-layout-flow wp-block-column-is-layout-flow\">\n<figure class=\"wp-block-image size-large\"><img decoding=\"async\" data-attachment-id=\"778\" data-permalink=\"https:\/\/healthclubcollection.com\/?attachment_id=778\" data-orig-file=\"https:\/\/i0.wp.com\/healthclubcollection.com\/wp-content\/uploads\/2022\/04\/R6WO2549.jpg?fit=2500%2C1667&amp;ssl=1\" data-orig-size=\"2500,1667\" data-comments-opened=\"1\" data-image-meta=\"{&quot;aperture&quot;:&quot;4&quot;,&quot;credit&quot;:&quot;Wilhelm \\u00d6hman&quot;,&quot;camera&quot;:&quot;Canon EOS R6&quot;,&quot;caption&quot;:&quot;&quot;,&quot;created_timestamp&quot;:&quot;1619779283&quot;,&quot;copyright&quot;:&quot;Wilehlm \\u00d6hman Photography&quot;,&quot;focal_length&quot;:&quot;44&quot;,&quot;iso&quot;:&quot;1250&quot;,&quot;shutter_speed&quot;:&quot;0.002&quot;,&quot;title&quot;:&quot;&quot;,&quot;orientation&quot;:&quot;0&quot;}\" data-image-title=\"R6WO2549\" data-image-description=\"\" data-image-caption=\"\" data-large-file=\"https:\/\/i0.wp.com\/healthclubcollection.com\/wp-content\/uploads\/2022\/04\/R6WO2549.jpg?fit=1024%2C683&amp;ssl=1\" data-recalc-dims=\"1\" height=\"683\" width=\"1024\" class=\"wp-image-778 alignnone\" src=\"https:\/\/i0.wp.com\/healthclubcollection.com\/wp-content\/uploads\/2022\/04\/R6WO2549.jpg?resize=1024%2C683&#038;ssl=1\" alt=\"\" srcset=\"https:\/\/i0.wp.com\/healthclubcollection.com\/wp-content\/uploads\/2022\/04\/R6WO2549.jpg?w=2500&amp;ssl=1 2500w, https:\/\/i0.wp.com\/healthclubcollection.com\/wp-content\/uploads\/2022\/04\/R6WO2549.jpg?resize=300%2C200&amp;ssl=1 300w, https:\/\/i0.wp.com\/healthclubcollection.com\/wp-content\/uploads\/2022\/04\/R6WO2549.jpg?resize=1024%2C683&amp;ssl=1 1024w, https:\/\/i0.wp.com\/healthclubcollection.com\/wp-content\/uploads\/2022\/04\/R6WO2549.jpg?resize=768%2C512&amp;ssl=1 768w, https:\/\/i0.wp.com\/healthclubcollection.com\/wp-content\/uploads\/2022\/04\/R6WO2549.jpg?resize=1536%2C1024&amp;ssl=1 1536w, https:\/\/i0.wp.com\/healthclubcollection.com\/wp-content\/uploads\/2022\/04\/R6WO2549.jpg?resize=2048%2C1366&amp;ssl=1 2048w, https:\/\/i0.wp.com\/healthclubcollection.com\/wp-content\/uploads\/2022\/04\/R6WO2549.jpg?resize=1200%2C800&amp;ssl=1 1200w\" sizes=\"(max-width: 1000px) 100vw, 1000px\" \/><\/figure>\n<\/div>\n\n<div class=\"wp-block-column is-vertically-aligned-center is-layout-flow wp-block-column-is-layout-flow\">\n<p class=\"wp-block-paragraph\">Elsa Franck on kokenut, t\u00e4ysp\u00e4iv\u00e4isen\u00e4 vuodesta 2012 asti toiminut kokonaisvaltainen hyvinvointi- ja voimavalmentaja, sek\u00e4 brain based ratkaisukeskeinen valmentaja. Elsan erityisosaamisena ovat kuntonyrkkeily, synnytt\u00e4neet sek\u00e4 raskaana olevat, henkinen valmennus, kehonpainotreenit sek\u00e4 monipuolinen voimatreeni.<\/p>\n\n<p class=\"wp-block-paragraph\">Empaattisen, positiivisen ja mukaantempaavan Elsan valmennukset l\u00f6yd\u00e4t Punavuoresta suomen ja englannin kielell\u00e4.<\/p>\n\n<p class=\"wp-block-paragraph\"><a href=\"mailto:elsasofia.franck@gmail.com\">elsasofia.franck@gmail.com<\/a><\/p>\n\n<p class=\"wp-block-paragraph\">\u00a0<\/p>\n<\/div>\n<\/div>\n<hr class=\"wp-block-separator has-alpha-channel-opacity\" \/>\n<div class=\"wp-block-columns alignwide is-layout-flex wp-container-core-columns-is-layout-1a9244c7 wp-block-columns-is-layout-flex\">\n<div class=\"wp-block-column is-layout-flow wp-block-column-is-layout-flow\">\n<figure class=\"wp-block-image size-large\"><img decoding=\"async\" data-attachment-id=\"919\" data-permalink=\"https:\/\/healthclubcollection.com\/?attachment_id=919\" data-orig-file=\"https:\/\/i0.wp.com\/healthclubcollection.com\/wp-content\/uploads\/2022\/04\/Nayttokuva-2022-4-22-kello-14.13.23.png?fit=1060%2C724&amp;ssl=1\" data-orig-size=\"1060,724\" data-comments-opened=\"1\" data-image-meta=\"{&quot;aperture&quot;:&quot;0&quot;,&quot;credit&quot;:&quot;&quot;,&quot;camera&quot;:&quot;&quot;,&quot;caption&quot;:&quot;&quot;,&quot;created_timestamp&quot;:&quot;0&quot;,&quot;copyright&quot;:&quot;&quot;,&quot;focal_length&quot;:&quot;0&quot;,&quot;iso&quot;:&quot;0&quot;,&quot;shutter_speed&quot;:&quot;0&quot;,&quot;title&quot;:&quot;&quot;,&quot;orientation&quot;:&quot;0&quot;}\" data-image-title=\"Nayttokuva-2022-4-22-kello-14.13.23\" data-image-description=\"\" data-image-caption=\"\" data-large-file=\"https:\/\/i0.wp.com\/healthclubcollection.com\/wp-content\/uploads\/2022\/04\/Nayttokuva-2022-4-22-kello-14.13.23.png?fit=1024%2C699&amp;ssl=1\" data-recalc-dims=\"1\" height=\"699\" width=\"1024\" class=\"wp-image-919 alignnone\" src=\"https:\/\/i0.wp.com\/healthclubcollection.com\/wp-content\/uploads\/2022\/04\/Nayttokuva-2022-4-22-kello-14.13.23.png?resize=1024%2C699&#038;ssl=1\" alt=\"\" srcset=\"https:\/\/i0.wp.com\/healthclubcollection.com\/wp-content\/uploads\/2022\/04\/Nayttokuva-2022-4-22-kello-14.13.23.png?w=1060&amp;ssl=1 1060w, https:\/\/i0.wp.com\/healthclubcollection.com\/wp-content\/uploads\/2022\/04\/Nayttokuva-2022-4-22-kello-14.13.23.png?resize=300%2C205&amp;ssl=1 300w, https:\/\/i0.wp.com\/healthclubcollection.com\/wp-content\/uploads\/2022\/04\/Nayttokuva-2022-4-22-kello-14.13.23.png?resize=1024%2C699&amp;ssl=1 1024w, https:\/\/i0.wp.com\/healthclubcollection.com\/wp-content\/uploads\/2022\/04\/Nayttokuva-2022-4-22-kello-14.13.23.png?resize=768%2C525&amp;ssl=1 768w\" sizes=\"(max-width: 1000px) 100vw, 1000px\" \/><\/figure>\n<\/div>\n\n<div class=\"wp-block-column is-layout-flow wp-block-column-is-layout-flow\">\n<p class=\"wp-block-paragraph\">Sami Obele on personal trainer, fysiikkavalmentaja ja <a href=\"https:\/\/lauttasaarimovementclub.fi\" target=\"_blank\" rel=\"noopener\">Lauttasaari Movement Clubin<\/a> omistaja sek\u00e4 p\u00e4\u00e4valmentaja. H\u00e4nell\u00e4 on yli 15 vuoden kokemus yksil\u00f6- ja pienryhm\u00e4valmennuksista, ja h\u00e4n on erikoistunut voiman, suorituskyvyn ja hyvinvoinnin optimointiin minimaalisilla v\u00e4lineill\u00e4. Lis\u00e4ksi h\u00e4n kouluttaa kahvakuulaohjaajia ja on syvent\u00e4nyt ammattitaitoaan terveystieteiden opinnoilla.<\/p>\n<p>Samin treeneihin p\u00e4\u00e4set p\u00e4\u00e4asiassa h\u00e4nen omalla salillaan Lauttasaaressa, mutta h\u00e4n valmentaa my\u00f6s Punavuoressa. Valmennus onnistuu sek\u00e4 suomeksi ett\u00e4 englanniksi.<\/p>\n\n<p class=\"wp-block-paragraph\"><a href=\"mailto:sami@lauttasaarimovementclub.fi\">sami@lauttasaarimovementclub.fi<\/a><\/p>\n\n<p class=\"wp-block-paragraph\">\u00a0<\/p>\n<\/div>\n<\/div>\n<hr class=\"wp-block-separator has-alpha-channel-opacity\" \/>\n<div class=\"wp-block-columns alignwide is-layout-flex wp-container-core-columns-is-layout-1a9244c7 wp-block-columns-is-layout-flex\">\n<div class=\"wp-block-column is-layout-flow wp-block-column-is-layout-flow\">\n<figure class=\"wp-block-image size-large\"><img loading=\"lazy\" decoding=\"async\" data-attachment-id=\"1119\" data-permalink=\"https:\/\/healthclubcollection.com\/?attachment_id=1119\" data-orig-file=\"https:\/\/i0.wp.com\/healthclubcollection.com\/wp-content\/uploads\/2022\/08\/A1E5079E-56F8-4DF6-91B3-6E012DF82EF7.jpg?fit=1411%2C1003&amp;ssl=1\" data-orig-size=\"1411,1003\" data-comments-opened=\"1\" data-image-meta=\"{&quot;aperture&quot;:&quot;1.8&quot;,&quot;credit&quot;:&quot;&quot;,&quot;camera&quot;:&quot;E-PL8&quot;,&quot;caption&quot;:&quot;OLYMPUS DIGITAL CAMERA&quot;,&quot;created_timestamp&quot;:&quot;1642777314&quot;,&quot;copyright&quot;:&quot;&quot;,&quot;focal_length&quot;:&quot;45&quot;,&quot;iso&quot;:&quot;1600&quot;,&quot;shutter_speed&quot;:&quot;0.016666666666667&quot;,&quot;title&quot;:&quot;OLYMPUS DIGITAL CAMERA&quot;,&quot;orientation&quot;:&quot;1&quot;}\" data-image-title=\"OLYMPUS DIGITAL CAMERA\" data-image-description=\"\" data-image-caption=\"&lt;p&gt;OLYMPUS DIGITAL CAMERA&lt;\/p&gt;\n\" data-large-file=\"https:\/\/i0.wp.com\/healthclubcollection.com\/wp-content\/uploads\/2022\/08\/A1E5079E-56F8-4DF6-91B3-6E012DF82EF7.jpg?fit=1024%2C728&amp;ssl=1\" data-recalc-dims=\"1\" height=\"728\" width=\"1024\" class=\"wp-image-1119 alignnone\" src=\"https:\/\/i0.wp.com\/healthclubcollection.com\/wp-content\/uploads\/2022\/08\/A1E5079E-56F8-4DF6-91B3-6E012DF82EF7.jpg?resize=1024%2C728&#038;ssl=1\" alt=\"\" srcset=\"https:\/\/i0.wp.com\/healthclubcollection.com\/wp-content\/uploads\/2022\/08\/A1E5079E-56F8-4DF6-91B3-6E012DF82EF7.jpg?w=1411&amp;ssl=1 1411w, https:\/\/i0.wp.com\/healthclubcollection.com\/wp-content\/uploads\/2022\/08\/A1E5079E-56F8-4DF6-91B3-6E012DF82EF7.jpg?resize=300%2C213&amp;ssl=1 300w, https:\/\/i0.wp.com\/healthclubcollection.com\/wp-content\/uploads\/2022\/08\/A1E5079E-56F8-4DF6-91B3-6E012DF82EF7.jpg?resize=1024%2C728&amp;ssl=1 1024w, https:\/\/i0.wp.com\/healthclubcollection.com\/wp-content\/uploads\/2022\/08\/A1E5079E-56F8-4DF6-91B3-6E012DF82EF7.jpg?resize=768%2C546&amp;ssl=1 768w, https:\/\/i0.wp.com\/healthclubcollection.com\/wp-content\/uploads\/2022\/08\/A1E5079E-56F8-4DF6-91B3-6E012DF82EF7.jpg?resize=1200%2C853&amp;ssl=1 1200w\" sizes=\"(max-width: 1000px) 100vw, 1000px\" \/><\/figure>\n<\/div>\n\n<div class=\"wp-block-column is-layout-flow wp-block-column-is-layout-flow\">\n<p class=\"wp-block-paragraph\">Suvi on aina iloinen, aurinkoinen ja inspiroiva yksil\u00f6-ja pienryhm\u00e4valmentaja. Suvin erikoisalaa ovat nopeat ja tehokkaat treenit, joissa kunto kasvaa, energia lis\u00e4\u00e4ntyy, itsetunto kohenee, liikkuvuus paranee ja on hyv\u00e4 meninki yleisesti! Asiakkaana sinun ei tarvitse muuta kuin tulla paikalle ja Suvi miettii kaiken muun.<\/p>\n\n<p class=\"wp-block-paragraph\">Suvin oma intohimo on kehonpainotreeni, joten Suvin kanssa monipuoliset treenit onnistuvat hyvin v\u00e4hin v\u00e4lineinkin. Suvin treenit l\u00f6yd\u00e4t sek\u00e4 Punavuoresta ett\u00e4 Lauttasaaresta suomen ja englannin kielell\u00e4.<\/p>\n\n<p class=\"wp-block-paragraph\"><a href=\"mailto:suvi.martti@gmail.com\">suvi.martti@gmail.com<\/a><\/p>\n<\/div>\n<\/div>\n<div class=\"wp-block-columns alignwide\">\n<div class=\"wp-block-column is-vertically-aligned-center\">\u00a0<\/div>\n<\/div>\n<hr class=\"wp-block-separator has-alpha-channel-opacity\" \/>\n<div class=\"wp-block-columns alignwide is-layout-flex wp-container-core-columns-is-layout-1a9244c7 wp-block-columns-is-layout-flex\">\n<div class=\"wp-block-column is-layout-flow wp-block-column-is-layout-flow\">\n<figure class=\"wp-block-image size-full\"><img loading=\"lazy\" decoding=\"async\" width=\"1024\" height=\"768\" data-attachment-id=\"1464\" data-permalink=\"https:\/\/healthclubcollection.com\/?attachment_id=1464\" data-orig-file=\"https:\/\/i0.wp.com\/healthclubcollection.com\/wp-content\/uploads\/2023\/03\/WhatsApp-Image-2023-03-06-at-13.33.05.jpeg?fit=1024%2C768&amp;ssl=1\" data-orig-size=\"1024,768\" data-comments-opened=\"1\" data-image-meta=\"{&quot;aperture&quot;:&quot;0&quot;,&quot;credit&quot;:&quot;&quot;,&quot;camera&quot;:&quot;&quot;,&quot;caption&quot;:&quot;&quot;,&quot;created_timestamp&quot;:&quot;0&quot;,&quot;copyright&quot;:&quot;&quot;,&quot;focal_length&quot;:&quot;0&quot;,&quot;iso&quot;:&quot;0&quot;,&quot;shutter_speed&quot;:&quot;0&quot;,&quot;title&quot;:&quot;&quot;,&quot;orientation&quot;:&quot;0&quot;}\" data-image-title=\"WhatsApp-Image-2023-03-06-at-13.33.05\" data-image-description=\"\" data-image-caption=\"\" data-large-file=\"https:\/\/i0.wp.com\/healthclubcollection.com\/wp-content\/uploads\/2023\/03\/WhatsApp-Image-2023-03-06-at-13.33.05.jpeg?fit=1024%2C768&amp;ssl=1\" data-recalc-dims=\"1\" class=\"wp-image-1464 alignnone\" src=\"https:\/\/i0.wp.com\/healthclubcollection.com\/wp-content\/uploads\/2023\/03\/WhatsApp-Image-2023-03-06-at-13.33.05.jpeg?ssl=1\" alt=\"\" srcset=\"https:\/\/i0.wp.com\/healthclubcollection.com\/wp-content\/uploads\/2023\/03\/WhatsApp-Image-2023-03-06-at-13.33.05.jpeg?w=1024&amp;ssl=1 1024w, https:\/\/i0.wp.com\/healthclubcollection.com\/wp-content\/uploads\/2023\/03\/WhatsApp-Image-2023-03-06-at-13.33.05.jpeg?resize=300%2C225&amp;ssl=1 300w, https:\/\/i0.wp.com\/healthclubcollection.com\/wp-content\/uploads\/2023\/03\/WhatsApp-Image-2023-03-06-at-13.33.05.jpeg?resize=768%2C576&amp;ssl=1 768w, https:\/\/i0.wp.com\/healthclubcollection.com\/wp-content\/uploads\/2023\/03\/WhatsApp-Image-2023-03-06-at-13.33.05.jpeg?resize=800%2C600&amp;ssl=1 800w, https:\/\/i0.wp.com\/healthclubcollection.com\/wp-content\/uploads\/2023\/03\/WhatsApp-Image-2023-03-06-at-13.33.05.jpeg?resize=400%2C300&amp;ssl=1 400w, https:\/\/i0.wp.com\/healthclubcollection.com\/wp-content\/uploads\/2023\/03\/WhatsApp-Image-2023-03-06-at-13.33.05.jpeg?resize=200%2C150&amp;ssl=1 200w\" sizes=\"(max-width: 1000px) 100vw, 1000px\" \/><\/figure>\n<\/div>\n\n<div class=\"wp-block-column is-layout-flow wp-block-column-is-layout-flow\">\n<p class=\"wp-block-paragraph\">Kira on l\u00e4mminsyd\u00e4minen ja aurinkoinen personal trainer, jolla on pitk\u00e4 kokemus ja paljon erikoisaamista erityisesti \u00e4itiysliikunnan saralta. Kiran l\u00f6yt\u00e4\u00e4 enimm\u00e4kseen Lauttasaaren salilta, mutta mahdollisuus on my\u00f6s valmennuksiin Punavuoressa. Kira valmentaa sek\u00e4 suomeksi ett\u00e4 englanniksi.<\/p>\n\n<p class=\"wp-block-paragraph\">kira.training@gmail.com<\/p>\n<\/div>\n<\/div>\n<hr class=\"wp-block-separator has-alpha-channel-opacity\" \/>\n<div class=\"wp-block-columns alignwide is-layout-flex wp-container-core-columns-is-layout-1a9244c7 wp-block-columns-is-layout-flex\">\n<div class=\"wp-block-column is-vertically-aligned-center is-layout-flow wp-block-column-is-layout-flow\">\n<figure class=\"wp-block-image size-large\"><img loading=\"lazy\" decoding=\"async\" data-attachment-id=\"1199\" data-permalink=\"https:\/\/healthclubcollection.com\/?attachment_id=1199\" data-orig-file=\"https:\/\/i0.wp.com\/healthclubcollection.com\/wp-content\/uploads\/2022\/08\/image00029-edited.jpeg?fit=5464%2C3643&amp;ssl=1\" data-orig-size=\"5464,3643\" data-comments-opened=\"1\" data-image-meta=\"{&quot;aperture&quot;:&quot;2.8&quot;,&quot;credit&quot;:&quot;&quot;,&quot;camera&quot;:&quot;Canon EOS R5&quot;,&quot;caption&quot;:&quot;&quot;,&quot;created_timestamp&quot;:&quot;1604684210&quot;,&quot;copyright&quot;:&quot;&quot;,&quot;focal_length&quot;:&quot;88&quot;,&quot;iso&quot;:&quot;4000&quot;,&quot;shutter_speed&quot;:&quot;0.01&quot;,&quot;title&quot;:&quot;&quot;,&quot;orientation&quot;:&quot;0&quot;}\" data-image-title=\"image00029\" data-image-description=\"\" data-image-caption=\"\" data-large-file=\"https:\/\/i0.wp.com\/healthclubcollection.com\/wp-content\/uploads\/2022\/08\/image00029-edited.jpeg?fit=1024%2C683&amp;ssl=1\" data-recalc-dims=\"1\" height=\"683\" width=\"1024\" class=\"wp-image-1199 alignnone\" src=\"https:\/\/i0.wp.com\/healthclubcollection.com\/wp-content\/uploads\/2022\/08\/image00029-edited-1024x683.jpeg?resize=1024%2C683&#038;ssl=1\" alt=\"\" srcset=\"https:\/\/i0.wp.com\/healthclubcollection.com\/wp-content\/uploads\/2022\/08\/image00029-edited.jpeg?resize=1024%2C683&amp;ssl=1 1024w, https:\/\/i0.wp.com\/healthclubcollection.com\/wp-content\/uploads\/2022\/08\/image00029-edited.jpeg?resize=300%2C200&amp;ssl=1 300w, https:\/\/i0.wp.com\/healthclubcollection.com\/wp-content\/uploads\/2022\/08\/image00029-edited.jpeg?resize=768%2C512&amp;ssl=1 768w, https:\/\/i0.wp.com\/healthclubcollection.com\/wp-content\/uploads\/2022\/08\/image00029-edited.jpeg?resize=1536%2C1024&amp;ssl=1 1536w, https:\/\/i0.wp.com\/healthclubcollection.com\/wp-content\/uploads\/2022\/08\/image00029-edited.jpeg?resize=2048%2C1365&amp;ssl=1 2048w, https:\/\/i0.wp.com\/healthclubcollection.com\/wp-content\/uploads\/2022\/08\/image00029-edited.jpeg?resize=1200%2C800&amp;ssl=1 1200w, https:\/\/i0.wp.com\/healthclubcollection.com\/wp-content\/uploads\/2022\/08\/image00029-edited.jpeg?w=3000&amp;ssl=1 3000w\" sizes=\"(max-width: 1000px) 100vw, 1000px\" \/><\/figure>\n<\/div>\n\n<div class=\"wp-block-column is-vertically-aligned-center is-layout-flow wp-block-column-is-layout-flow\">\n<p class=\"wp-block-paragraph\">Apuvalmentajana Lauttasaaressa ja Punavuoressa toimii Ivar satunnaisesti h\u00e4nen omien aikataulujen sen salliessa.<\/p>\n\n<p class=\"wp-block-paragraph\">\u00a0<\/p>\n<\/div>\n<\/div>\n\t\t\t\t\t\t\t\t<\/div>\n\t\t\t\t<\/div>\n\t\t\t\t<\/div>\n\t\t","protected":false},"excerpt":{"rendered":"<p>Kanerva Ahonala on Health Club Collection salien omistaja ja p\u00e4\u00e4valmentaja. Kanerva on suosittu yksil\u00f6- ja pienryhm\u00e4valmentaja, jonka erityisosaamista on kokonaisvaltainen el\u00e4m\u00e4nmuutos pitk\u00e4ll\u00e4 aikaj\u00e4nteell\u00e4. Yli 15 vuoden kokemus fysiikka- ja ravintovalmennuksesta, sek\u00e4 uusi vahvuus psyykkisen\u00e4 valmentajana antavat hyv\u00e4n pohjan pitkille ja luottamuksellisille asiakas-suhteille. Kanerva valmentaa sek\u00e4 Punavuoressa ja Lauttasaaressa l\u00e4hinn\u00e4 suomeksi, mutta voit l\u00e4hesty\u00e4 h\u00e4nt\u00e4 my\u00f6s [&hellip;]<\/p>\n","protected":false},"author":202102792,"featured_media":0,"parent":0,"menu_order":0,"comment_status":"closed","ping_status":"closed","template":"","meta":{"_coblocks_attr":"","_coblocks_dimensions":"","_coblocks_responsive_height":"","_coblocks_accordion_ie_support":"","_crdt_document":"","advanced_seo_description":"","jetpack_seo_html_title":"","jetpack_seo_noindex":false,"footnotes":""},"class_list":["post-501","page","type-page","status-publish","hentry"],"jetpack_likes_enabled":false,"jetpack_sharing_enabled":true,"jetpack_shortlink":"https:\/\/wp.me\/PcRlkz-85","amp_enabled":true,"_links":{"self":[{"href":"https:\/\/healthclubcollection.com\/index.php?rest_route=\/wp\/v2\/pages\/501","targetHints":{"allow":["GET"]}}],"collection":[{"href":"https:\/\/healthclubcollection.com\/index.php?rest_route=\/wp\/v2\/pages"}],"about":[{"href":"https:\/\/healthclubcollection.com\/index.php?rest_route=\/wp\/v2\/types\/page"}],"author":[{"embeddable":true,"href":"https:\/\/healthclubcollection.com\/index.php?rest_route=\/wp\/v2\/users\/202102792"}],"replies":[{"embeddable":true,"href":"https:\/\/healthclubcollection.com\/index.php?rest_route=%2Fwp%2Fv2%2Fcomments&post=501"}],"version-history":[{"count":100,"href":"https:\/\/healthclubcollection.com\/index.php?rest_route=\/wp\/v2\/pages\/501\/revisions"}],"predecessor-version":[{"id":2213,"href":"https:\/\/healthclubcollection.com\/index.php?rest_route=\/wp\/v2\/pages\/501\/revisions\/2213"}],"wp:attachment":[{"href":"https:\/\/healthclubcollection.com\/index.php?rest_route=%2Fwp%2Fv2%2Fmedia&parent=501"}],"curies":[{"name":"wp","href":"https:\/\/api.w.org\/{rel}","templated":true}]}}